{"id":31,"date":"2022-02-10T18:13:02","date_gmt":"2022-02-10T17:13:02","guid":{"rendered":"http:\/\/192.168.25.7\/?page_id=31"},"modified":"2024-03-29T19:09:41","modified_gmt":"2024-03-29T18:09:41","slug":"ueber-mich","status":"publish","type":"page","link":"https:\/\/tobi-net.de\/?page_id=31","title":{"rendered":"\u00dcber mich"},"content":{"rendered":"<div class=\"wp-block-image\">\n<figure class=\"alignleft size-large is-resized\"><img loading=\"lazy\" decoding=\"async\" width=\"724\" height=\"1024\" src=\"https:\/\/tobi-net.de\/wp-content\/uploads\/2024\/03\/Tobi-1-von-1-724x1024.jpg\" alt=\"\" class=\"wp-image-489\" style=\"width:290px;height:auto\" srcset=\"https:\/\/tobi-net.de\/wp-content\/uploads\/2024\/03\/Tobi-1-von-1-724x1024.jpg 724w, https:\/\/tobi-net.de\/wp-content\/uploads\/2024\/03\/Tobi-1-von-1-212x300.jpg 212w, https:\/\/tobi-net.de\/wp-content\/uploads\/2024\/03\/Tobi-1-von-1-768x1087.jpg 768w, https:\/\/tobi-net.de\/wp-content\/uploads\/2024\/03\/Tobi-1-von-1.jpg 1000w\" sizes=\"auto, (max-width: 724px) 100vw, 724px\" \/><\/figure><\/div>\n\n\n<p>Mein Name ist Tobias Reusch,<br>ich bin Anfang 30 und wohne im wundersch\u00f6nen Eckernf\u00f6rde.<\/p>\n\n\n\n<p>Seit meinem 14. Lebensjahr interessiere ich mich sehr f\u00fcr Technik jeglicher Art,<br>schon in der Schule sa\u00df ich st\u00e4ndig hinter dem Mischpult und sorgte f\u00fcr den Sound.<br>Mit ca. 19 Jahren trat ich einer Band bei, um diese bei der Tontechnik zu unterst\u00fctzen. Neben der Technik bei den Proben, sorgte ich auch bei Auftritten f\u00fcr den richtigen Sound und fertigte Aufnahmen in unserem Proberaum an.<\/p>\n\n\n\n<p>Ich bin in der JDM (Japanische Import Fahrzeuge) Scene unterwegs und ein hobbym\u00e4\u00dfiger Autoschrauber und Fahrer. Auch hier begleitet mich das Thema Technik und Fotos.<br>Auf zahlreichen Treffen war die Kamera mein stetiger Begleiter.<\/p>\n\n\n\n<p>Im M\u00e4rz 2022 habe ich den Schritt gemacht und meldete mein Gewerbe f\u00fcr Fotografie, Video und Audio an.<\/p>\n\n\n\n<p><\/p>\n","protected":false},"excerpt":{"rendered":"<p>Mein Name ist Tobias Reusch,ich bin Anfang 30 und wohne im wundersch\u00f6nen Eckernf\u00f6rde. Seit meinem 14. Lebensjahr interessiere ich mich sehr f\u00fcr Technik jeglicher Art,schon in der Schule sa\u00df ich st\u00e4ndig hinter dem Mischpult und sorgte f\u00fcr den Sound.Mit ca. 19 Jahren trat ich einer Band bei, um diese bei der Tontechnik zu unterst\u00fctzen. Neben der Technik bei den Proben, sorgte ich auch bei Auftritten f\u00fcr den richtigen Sound und fertigte Aufnahmen in unserem Proberaum an. Ich bin in der JDM (Japanische Import Fahrzeuge) Scene unterwegs und ein hobbym\u00e4\u00dfiger Autoschrauber und Fahrer. Auch hier begleitet mich das Thema Technik und Fotos.Auf zahlreichen Treffen war die Kamera mein stetiger Begleiter. Im M\u00e4rz 2022 habe ich den Schritt gemacht und meldete mein Gewerbe f\u00fcr Fotografie, Video und Audio an.<\/p>\n","protected":false},"author":4,"featured_media":0,"parent":0,"menu_order":0,"comment_status":"closed","ping_status":"closed","template":"templates\/full-width-page.php","meta":{"footnotes":""},"class_list":["post-31","page","type-page","status-publish","hentry"],"_links":{"self":[{"href":"https:\/\/tobi-net.de\/index.php?rest_route=\/wp\/v2\/pages\/31","targetHints":{"allow":["GET"]}}],"collection":[{"href":"https:\/\/tobi-net.de\/index.php?rest_route=\/wp\/v2\/pages"}],"about":[{"href":"https:\/\/tobi-net.de\/index.php?rest_route=\/wp\/v2\/types\/page"}],"author":[{"embeddable":true,"href":"https:\/\/tobi-net.de\/index.php?rest_route=\/wp\/v2\/users\/4"}],"replies":[{"embeddable":true,"href":"https:\/\/tobi-net.de\/index.php?rest_route=%2Fwp%2Fv2%2Fcomments&post=31"}],"version-history":[{"count":30,"href":"https:\/\/tobi-net.de\/index.php?rest_route=\/wp\/v2\/pages\/31\/revisions"}],"predecessor-version":[{"id":492,"href":"https:\/\/tobi-net.de\/index.php?rest_route=\/wp\/v2\/pages\/31\/revisions\/492"}],"wp:attachment":[{"href":"https:\/\/tobi-net.de\/index.php?rest_route=%2Fwp%2Fv2%2Fmedia&parent=31"}],"curies":[{"name":"wp","href":"https:\/\/api.w.org\/{rel}","templated":true}]}}